{"id":373,"date":"2016-10-26T14:00:45","date_gmt":"2016-10-26T14:00:45","guid":{"rendered":"https:\/\/pizzaro.madrasthemes.com\/?page_id=373"},"modified":"2025-10-23T10:02:11","modified_gmt":"2025-10-23T15:02:11","slug":"nosotros","status":"publish","type":"page","link":"https:\/\/demo.allcreative.com.co\/?page_id=373","title":{"rendered":"Nosotros"},"content":{"rendered":"\t\t<div data-elementor-type=\"wp-page\" data-elementor-id=\"373\" class=\"elementor elementor-373\">\n\t\t\t\t<div class=\"elementor-element elementor-element-7201a4a e-flex e-con-boxed e-con e-parent\" data-id=\"7201a4a\" data-element_type=\"container\">\n\t\t\t\t\t<div class=\"e-con-inner\">\n\t\t<div class=\"elementor-element elementor-element-8dd12e2 e-con-full e-flex e-con e-child\" data-id=\"8dd12e2\" data-element_type=\"container\">\n\t\t\t\t<div class=\"elementor-element elementor-element-c9d5f11 elementor-widget elementor-widget-image\" data-id=\"c9d5f11\" data-element_type=\"widget\" data-widget_type=\"image.default\">\n\t\t\t\t\t\t\t\t\t\t\t\t\t\t\t<img fetchpriority=\"high\" decoding=\"async\" width=\"980\" height=\"980\" src=\"https:\/\/demo.allcreative.com.co\/wp-content\/uploads\/2025\/10\/466855872_18382130488099408_3977639972523796908_n-1024x1024.jpg\" class=\"attachment-large size-large wp-image-1258\" alt=\"\" srcset=\"https:\/\/demo.allcreative.com.co\/wp-content\/uploads\/2025\/10\/466855872_18382130488099408_3977639972523796908_n-1024x1024.jpg 1024w, https:\/\/demo.allcreative.com.co\/wp-content\/uploads\/2025\/10\/466855872_18382130488099408_3977639972523796908_n-300x300.jpg 300w, https:\/\/demo.allcreative.com.co\/wp-content\/uploads\/2025\/10\/466855872_18382130488099408_3977639972523796908_n-150x150.jpg 150w, https:\/\/demo.allcreative.com.co\/wp-content\/uploads\/2025\/10\/466855872_18382130488099408_3977639972523796908_n-768x768.jpg 768w, https:\/\/demo.allcreative.com.co\/wp-content\/uploads\/2025\/10\/466855872_18382130488099408_3977639972523796908_n-600x600.jpg 600w, https:\/\/demo.allcreative.com.co\/wp-content\/uploads\/2025\/10\/466855872_18382130488099408_3977639972523796908_n-100x100.jpg 100w, https:\/\/demo.allcreative.com.co\/wp-content\/uploads\/2025\/10\/466855872_18382130488099408_3977639972523796908_n.jpg 1080w\" sizes=\"(max-width: 980px) 100vw, 980px\" \/>\t\t\t\t\t\t\t\t\t\t\t\t\t\t\t<\/div>\n\t\t\t\t<\/div>\n\t\t<div class=\"elementor-element elementor-element-a8ffe2a e-con-full e-flex e-con e-child\" data-id=\"a8ffe2a\" data-element_type=\"container\">\n\t\t\t\t<div class=\"elementor-element elementor-element-e2dea5d elementor-widget elementor-widget-heading\" data-id=\"e2dea5d\" data-element_type=\"widget\" data-widget_type=\"heading.default\">\n\t\t\t\t\t<h2 class=\"elementor-heading-title elementor-size-default\">Nuestra historia\n<\/h2>\t\t\t\t<\/div>\n\t\t\t\t<div class=\"elementor-element elementor-element-ce01874 elementor-widget elementor-widget-text-editor\" data-id=\"ce01874\" data-element_type=\"widget\" data-widget_type=\"text-editor.default\">\n\t\t\t\t\t\t\t\t\t<p>El sr Hugh Watson es reconocido como el primer gran fundador de la raza Angus-Aberdeen, quien despu\u00e9s de hacer una gran selecci\u00f3n del mejor ganado de la \u00e9poca logr\u00f3 producir una raza de excelente car\u00e1cter y calidad.<\/p>\t\t\t\t\t\t\t\t<\/div>\n\t\t\t\t<div class=\"elementor-element elementor-element-d6cc436 elementor-widget elementor-widget-text-editor\" data-id=\"d6cc436\" data-element_type=\"widget\" data-widget_type=\"text-editor.default\">\n\t\t\t\t\t\t\t\t\t<p>Su toro favorito fue Old Jack, nacido en 1842 y a quien se le adjudic\u00f3 el n\u00famero \u201c1\u201d en el libro de genealog\u00eda escocesa, lo que lo convierte en el primer animal en aparecer en el libro.<\/p>\t\t\t\t\t\t\t\t<\/div>\n\t\t\t\t<\/div>\n\t\t\t\t\t<\/div>\n\t\t\t\t<\/div>\n\t\t<div class=\"elementor-element elementor-element-0c27b45 e-flex e-con-boxed e-con e-parent\" data-id=\"0c27b45\" data-element_type=\"container\">\n\t\t\t\t\t<div class=\"e-con-inner\">\n\t\t\t\t<div class=\"elementor-element elementor-element-99e9186 elementor-widget elementor-widget-text-editor\" data-id=\"99e9186\" data-element_type=\"widget\" data-widget_type=\"text-editor.default\">\n\t\t\t\t\t\t\t\t\t<p><strong>\u00a1En honor a su historia y legado queremos hacer de Old Jack un sitio \u00fanico donde podr\u00e1s disfrutar la mejor carne del Mundo!<\/strong><\/p>\t\t\t\t\t\t\t\t<\/div>\n\t\t\t\t\t<\/div>\n\t\t\t\t<\/div>\n\t\t<div class=\"elementor-element elementor-element-68cdff8 e-flex e-con-boxed e-con e-parent\" data-id=\"68cdff8\" data-element_type=\"container\">\n\t\t\t\t\t<div class=\"e-con-inner\">\n\t\t<div class=\"elementor-element elementor-element-22238e9 e-con-full e-flex e-con e-child\" data-id=\"22238e9\" data-element_type=\"container\">\n\t\t\t\t<div class=\"elementor-element elementor-element-bbf9fce elementor-widget elementor-widget-text-editor\" data-id=\"bbf9fce\" data-element_type=\"widget\" data-widget_type=\"text-editor.default\">\n\t\t\t\t\t\t\t\t\t<p>Nacimos de la pasi\u00f3n por la comida hecha con ingredientes frescos y de alta calidad. En nuestro restaurante, cada hamburguesa es una obra de arte que combina sabor y creatividad.<\/p>\t\t\t\t\t\t\t\t<\/div>\n\t\t\t\t<\/div>\n\t\t<div class=\"elementor-element elementor-element-6a67ee4 e-con-full e-flex e-con e-child\" data-id=\"6a67ee4\" data-element_type=\"container\">\n\t\t\t\t<div class=\"elementor-element elementor-element-85c8da9 elementor-widget elementor-widget-image\" data-id=\"85c8da9\" data-element_type=\"widget\" data-widget_type=\"image.default\">\n\t\t\t\t\t\t\t\t\t\t\t\t\t\t\t<img decoding=\"async\" width=\"980\" height=\"490\" src=\"https:\/\/demo.allcreative.com.co\/wp-content\/uploads\/2025\/08\/BANNER-WEB-05-1024x512.png\" class=\"attachment-large size-large wp-image-1222\" alt=\"\" srcset=\"https:\/\/demo.allcreative.com.co\/wp-content\/uploads\/2025\/08\/BANNER-WEB-05-1024x512.png 1024w, https:\/\/demo.allcreative.com.co\/wp-content\/uploads\/2025\/08\/BANNER-WEB-05-300x150.png 300w, https:\/\/demo.allcreative.com.co\/wp-content\/uploads\/2025\/08\/BANNER-WEB-05-768x384.png 768w, https:\/\/demo.allcreative.com.co\/wp-content\/uploads\/2025\/08\/BANNER-WEB-05-1536x768.png 1536w, https:\/\/demo.allcreative.com.co\/wp-content\/uploads\/2025\/08\/BANNER-WEB-05-600x300.png 600w, https:\/\/demo.allcreative.com.co\/wp-content\/uploads\/2025\/08\/BANNER-WEB-05.png 2000w\" sizes=\"(max-width: 980px) 100vw, 980px\" \/>\t\t\t\t\t\t\t\t\t\t\t\t\t\t\t<\/div>\n\t\t\t\t<\/div>\n\t\t\t\t\t<\/div>\n\t\t\t\t<\/div>\n\t\t\t\t<\/div>\n\t\t","protected":false},"excerpt":{"rendered":"<p>Nuestra historia El sr Hugh Watson es reconocido como el primer gran fundador de la raza Angus-Aberdeen, quien despu\u00e9s de hacer una gran selecci\u00f3n del mejor ganado de la \u00e9poca [&hellip;]<\/p>\n","protected":false},"author":1,"featured_media":0,"parent":0,"menu_order":0,"comment_status":"closed","ping_status":"closed","template":"","meta":{"footnotes":""},"class_list":["post-373","page","type-page","status-publish","hentry"],"_links":{"self":[{"href":"https:\/\/demo.allcreative.com.co\/index.php?rest_route=\/wp\/v2\/pages\/373","targetHints":{"allow":["GET"]}}],"collection":[{"href":"https:\/\/demo.allcreative.com.co\/index.php?rest_route=\/wp\/v2\/pages"}],"about":[{"href":"https:\/\/demo.allcreative.com.co\/index.php?rest_route=\/wp\/v2\/types\/page"}],"author":[{"embeddable":true,"href":"https:\/\/demo.allcreative.com.co\/index.php?rest_route=\/wp\/v2\/users\/1"}],"replies":[{"embeddable":true,"href":"https:\/\/demo.allcreative.com.co\/index.php?rest_route=%2Fwp%2Fv2%2Fcomments&post=373"}],"version-history":[{"count":4,"href":"https:\/\/demo.allcreative.com.co\/index.php?rest_route=\/wp\/v2\/pages\/373\/revisions"}],"predecessor-version":[{"id":1269,"href":"https:\/\/demo.allcreative.com.co\/index.php?rest_route=\/wp\/v2\/pages\/373\/revisions\/1269"}],"wp:attachment":[{"href":"https:\/\/demo.allcreative.com.co\/index.php?rest_route=%2Fwp%2Fv2%2Fmedia&parent=373"}],"curies":[{"name":"wp","href":"https:\/\/api.w.org\/{rel}","templated":true}]}}